{"id":154,"date":"2025-03-29T17:55:03","date_gmt":"2025-03-29T16:55:03","guid":{"rendered":"https:\/\/latourneedesvillages.be\/?page_id=154"},"modified":"2025-03-29T17:57:09","modified_gmt":"2025-03-29T16:57:09","slug":"presse","status":"publish","type":"page","link":"https:\/\/latourneedesvillages.be\/index.php\/presse\/","title":{"rendered":"Presse"},"content":{"rendered":"\n<p><\/p>\n\n\n\n<p><\/p>\n\n\n\n<p>Lors de notre premi\u00e8re \u00e9dition, Not\u00e9l\u00e9 \u00e9tait pr\u00e9sent pour r\u00e9aliser un reportage. <\/p>\n\n\n\n<p><\/p>\n\n\n\n<figure class=\"wp-block-embed is-type-video is-provider-youtube wp-block-embed-youtube wp-embed-aspect-16-9 wp-has-aspect-ratio\"><div class=\"wp-block-embed__wrapper\">\n<iframe loading=\"lazy\" title=\"La Tourn\u00e9e des Villages - Not\u00e9l\u00e9 (2023)\" width=\"500\" height=\"281\" src=\"https:\/\/www.youtube.com\/embed\/zEPkxDIC51k?feature=oembed\" frameborder=\"0\" allow=\"accelerometer; autoplay; clipboard-write; encrypted-media; gyroscope; picture-in-picture; web-share\" referrerpolicy=\"strict-origin-when-cross-origin\" allowfullscreen><\/iframe>\n<\/div><\/figure>\n\n\n\n<p><\/p>\n\n\n\n<p>&lt;script type=&#8221;text\/javascript&#8221; src=&#8221;<a href=\"https:\/\/www.notele.be\/assets\/fluidplayer3.min-bd75958c46ccfd9270348f62ab123131.js\" target=\"_blank\" rel=\"noreferrer noopener\">\/assets\/fluidplayer3.min-bd75958c46ccfd9270348f62ab123131.js<\/a>&#8221; >&lt;\/script><\/p>\n","protected":false},"excerpt":{"rendered":"<p>Lors de notre premi\u00e8re \u00e9dition, Not\u00e9l\u00e9 \u00e9tait pr\u00e9sent pour r\u00e9aliser un reportage. &lt;script type=&#8221;text\/javascript&#8221; src=&#8221;\/assets\/fluidplayer3.min-bd75958c46ccfd9270348f62ab123131.js&#8221; >&lt;\/script><\/p>\n","protected":false},"author":1,"featured_media":0,"parent":0,"menu_order":0,"comment_status":"closed","ping_status":"closed","template":"","meta":{"footnotes":""},"class_list":["post-154","page","type-page","status-publish","hentry"],"_links":{"self":[{"href":"https:\/\/latourneedesvillages.be\/index.php\/wp-json\/wp\/v2\/pages\/154","targetHints":{"allow":["GET"]}}],"collection":[{"href":"https:\/\/latourneedesvillages.be\/index.php\/wp-json\/wp\/v2\/pages"}],"about":[{"href":"https:\/\/latourneedesvillages.be\/index.php\/wp-json\/wp\/v2\/types\/page"}],"author":[{"embeddable":true,"href":"https:\/\/latourneedesvillages.be\/index.php\/wp-json\/wp\/v2\/users\/1"}],"replies":[{"embeddable":true,"href":"https:\/\/latourneedesvillages.be\/index.php\/wp-json\/wp\/v2\/comments?post=154"}],"version-history":[{"count":3,"href":"https:\/\/latourneedesvillages.be\/index.php\/wp-json\/wp\/v2\/pages\/154\/revisions"}],"predecessor-version":[{"id":158,"href":"https:\/\/latourneedesvillages.be\/index.php\/wp-json\/wp\/v2\/pages\/154\/revisions\/158"}],"wp:attachment":[{"href":"https:\/\/latourneedesvillages.be\/index.php\/wp-json\/wp\/v2\/media?parent=154"}],"curies":[{"name":"wp","href":"https:\/\/api.w.org\/{rel}","templated":true}]}}