{"id":67,"date":"2025-03-29T10:38:47","date_gmt":"2025-03-29T09:38:47","guid":{"rendered":"https:\/\/latourneedesvillages.be\/index.php\/our-process\/"},"modified":"2025-05-29T19:04:00","modified_gmt":"2025-05-29T17:04:00","slug":"deviens-benevole-2","status":"publish","type":"page","link":"https:\/\/latourneedesvillages.be\/index.php\/deviens-benevole-2\/","title":{"rendered":"Deviens b\u00e9n\u00e9vole !"},"content":{"rendered":"\n<div class=\"guten-element guten-popup-builder guten-W4UBQz\" data-trigger=\"click\" data-anchor=\"search\" data-close-overlay=\"true\"><div class=\"guten-popup guten-popup-center guten-popup-side-space\"><div class=\"guten-popup-overlay\"><\/div><div class=\"guten-popup-wrapper guten-popup-wrapper-center\"><div class=\"guten-popup-content\"><div class=\"guten-popup-close\"><i class=\"fas fa-times\"><\/i><\/div><div class=\"guten-popup-container\">\n<div class=\"guten-element guten-popup-content-inner above\"><div class=\"guten-popup-content-wrapper\">\n<div class=\"section-wrapper\" data-id=\"TvP2Pr\"><section class=\"wp-block-gutenverse-section guten-element guten-section guten-TvP2Pr layout-fullwidth align-stretch\"><div class=\"guten-container guten-column-gap-default\">\n<div class=\"wp-block-gutenverse-column guten-element guten-column guten-cspggs\"><div class=\"guten-column-wrapper\" data-id=\"cspggs\">\n<div class=\"guten-element guten-XgiZKu guten-search\"><form class=\"gutenverse-search-form\"><div class=\"search-input-container\"><input type=\"search\" placeholder=\"Search...\" name=\"s\" class=\"gutenverse-search gutenverse-search-input\"\/><\/div>\n<div class=\"guten-element guten-button-wrapper guten-NrJRf2\"><button class=\"guten-button guten-button-xs\" type=\"submit\"><i class=\"fa-lg gtn gtn-search11-light\"><\/i><span><\/span><\/button><\/div>\n<\/form><\/div>\n<\/div><\/div>\n<\/div><\/section><\/div>\n<\/div><\/div>\n\n\n\n<div class=\"guten-element guten-popup-content-inner bottom\"><div class=\"guten-popup-content-wrapper\"><\/div><\/div>\n<\/div><\/div><\/div><\/div><\/div>\n\n\n\n<div class=\"section-wrapper\" data-id=\"6FQOqF\"><section class=\"wp-block-gutenverse-section guten-element guten-section guten-6FQOqF hide-tablet hide-mobile layout-boxed align-stretch\"><div class=\"guten-container guten-column-gap-no\">\n<div class=\"wp-block-gutenverse-column guten-element guten-column guten-xVqcp1\"><div class=\"guten-column-wrapper\" data-id=\"xVqcp1\">\n<div class=\"guten-element guten-icon-list guten-Xn27qa inline-icon-list\">\n<div class=\"guten-element guten-icon-list-item guten-rFmtDx\"><a id=\"guten-rFmtDx\"><i class=\"fas fa-envelope\"><\/i><span class=\"list-text \">contact@latourneedesvillages.be<\/span><\/a><\/div>\n\n\n\n<div class=\"guten-element guten-icon-list-item guten-2TxPC3\"><a id=\"guten-2TxPC3\"><i class=\"fas fa-map-marker-alt\"><\/i><span class=\"list-text \">Rue du Sequoia, Ath<\/span><\/a><\/div>\n<\/div>\n<\/div><\/div>\n\n\n\n<div class=\"wp-block-gutenverse-column guten-element guten-column guten-wY37Nk\"><div class=\"guten-column-wrapper\" data-id=\"wY37Nk\">\n<div class=\"guten-element guten-social-icons guten-fT6Xee circle horizontal fill\">\n<div class=\"guten-element guten-social-icon guten-AM5DkA facebook\"><a id=\"guten-AM5DkA\" href=\"#\"><i class=\"gtn gtn-facebook-light\"><\/i><\/a><\/div>\n\n\n\n<div class=\"guten-element guten-social-icon guten-Bvd7kJ twitter\"><a id=\"guten-Bvd7kJ\" href=\"#\"><i class=\"fab fa-x-twitter\"><\/i><\/a><\/div>\n\n\n\n<div class=\"guten-element guten-social-icon guten-p6VhZ6 youtube\"><a id=\"guten-p6VhZ6\" href=\"#\"><i class=\"gtn gtn-youtube-v-light\"><\/i><\/a><\/div>\n\n\n\n<div class=\"guten-element guten-social-icon guten-vHYhac instagram\"><a id=\"guten-vHYhac\" href=\"#\"><i class=\"fab fa-instagram\"><\/i><\/a><\/div>\n<\/div>\n<\/div><\/div>\n<\/div><\/section><\/div>\n\n\n\n<div class=\"section-wrapper\" data-id=\"wRzFSp\"><section class=\"wp-block-gutenverse-section guten-element guten-section guten-wRzFSp layout-boxed align-stretch\"><div class=\"guten-container guten-column-gap-no\">\n<div class=\"wp-block-gutenverse-column guten-element guten-column guten-dVfIO6\"><div class=\"guten-column-wrapper\" data-id=\"dVfIO6\">\n<div class=\"wp-block-gutenverse-image guten-element guten-image guten-nzJzCr\"><a class=\"guten-image-wrapper\" href=\"https:\/\/latourneedesvillages.be\/\"><img loading=\"lazy\" decoding=\"async\" class=\"gutenverse-image-box-filled\" src=\"http:\/\/latourneedesvillages.be\/wp-content\/uploads\/2025\/03\/Fichier-1.webp\" height=\"705\" width=\"2221\"\/><\/a><\/div>\n<\/div><\/div>\n\n\n\n<div class=\"wp-block-gutenverse-column guten-element guten-column guten-I5wnFf\"><div class=\"guten-column-wrapper\" data-id=\"I5wnFf\"><div id=\"guten-Cv6QAe\" class=\"guten-element guten-nav-menu nav-menu break-point-tablet submenu-click-title \" data-item-indicator=\"gtn gtn-down-arrow1-light\" data-close-on-click=\"1\">\n\t\t\t<div class=\"gutenverse-hamburger-wrapper\">\n\t\t\t\t<button class=\"gutenverse-hamburger-menu\">\n\t\t\t\t\t<i aria-hidden=\"true\" class=\"gtn gtn-burger-menu-light\"><\/i>\n\t\t\t\t<\/button>\n\t\t\t<\/div>\n\t\t\t\n\t\t\t<div class=\"gutenverse-menu-wrapper\"><div class=\"gutenverse-menu-container\"><ul id=\"menu-runclub-1\" class=\"gutenverse-menu\"><li id=\"menu-item-75\" class=\"menu-item menu-item-type-custom menu-item-object-custom menu-item-home menu-item-75\"><a href=\"javascript:void(0);\" data-href=\"https:\/\/latourneedesvillages.be\/\">Home<\/a><\/li>\n<li id=\"menu-item-76\" class=\"menu-item menu-item-type-custom menu-item-object-custom menu-item-76\"><a href=\"javascript:void(0);\" data-href=\"https:\/\/latourneedesvillages.be\/index.php\/about-us\/\">Infos<\/a><\/li>\n<li id=\"menu-item-176\" class=\"menu-item menu-item-type-post_type menu-item-object-page menu-item-176\"><a href=\"javascript:void(0);\" data-href=\"https:\/\/latourneedesvillages.be\/index.php\/deviens-benevole-2\/\">Deviens b\u00e9n\u00e9vole !<\/a><\/li>\n<li id=\"menu-item-151\" class=\"menu-item menu-item-type-custom menu-item-object-custom menu-item-151\"><a href=\"javascript:void(0);\" data-href=\"#\">Sponsors<\/a><\/li>\n<li id=\"menu-item-156\" class=\"menu-item menu-item-type-post_type menu-item-object-page menu-item-156\"><a href=\"javascript:void(0);\" data-href=\"https:\/\/latourneedesvillages.be\/index.php\/presse\/\">Presse<\/a><\/li>\n<\/ul><\/div>\n\t\t\t\t<div>\n\t\t\t\t\t<div class=\"gutenverse-nav-identity-panel\">\n\t\t\t\t\t\t<div class=\"gutenverse-nav-site-title\">\n\t\t\t\t\t\t\t<a href=\"https:\/\/latourneedesvillages.be\" class=\"gutenverse-nav-logo\"><img decoding=\"async\" src=\"https:\/\/latourneedesvillages.be\/wp-content\/uploads\/2025\/03\/Runclub-logo.webp\" alt=\"La Tourn\u00e9e des Villages - Run wihout feeling thirsty !\"><\/a>\n\t\t\t\t\t\t<\/div>\n\t\t\t\t\t\t<button class=\"gutenverse-close-menu\"><i aria-hidden=\"true\" class=\"gtn gtn-times-solid\"><\/i><\/button>\n\t\t\t\t\t<\/div>\n\t\t\t\t<\/div>\n\t\t\t<\/div>\n\t\t<\/div><\/div><\/div>\n\n\n\n<div class=\"wp-block-gutenverse-column guten-element guten-column guten-Z5752u hide-tablet hide-mobile\"><div class=\"guten-column-wrapper\" data-id=\"Z5752u\">\n<div class=\"wp-block-gutenverse-icon guten-element guten-HcCS8m guten-icon\"><a class=\"guten-icon-wrapper rounded stacked\" href=\"#search\"><i class=\"gtn gtn-search11-light\"><\/i><\/a><\/div>\n\n\n\n<div class=\"guten-element guten-button-wrapper guten-MQiYJS\"><a class=\"guten-button guten-button-sm\" href=\"#\"><span>Contactez-nous<\/span><\/a><\/div>\n<\/div><\/div>\n<\/div><\/section><\/div>\n\n\n\n<div class=\"section-wrapper\" data-id=\"WYKkcz\"><section class=\"wp-block-gutenverse-section guten-element guten-section guten-WYKkcz layout-boxed align-stretch\"><div class=\"guten-background-overlay\"><\/div><div class=\"guten-container guten-column-gap-no\">\n<div class=\"wp-block-gutenverse-column guten-element guten-column guten-moCrNf\"><div class=\"guten-column-wrapper\" data-id=\"moCrNf\">\n<div class=\"guten-element guten-advanced-heading guten-9QksQ9 animated guten-element-hide desktop-fadeInUp\"><div class=\"heading-section outside-line\"><h1 class=\"heading-title\"><span class=\"heading-title\">Deviens b\u00e9n\u00e9vole \u00e0 La Tourn\u00e9e des Villages !<\/span><span class=\"heading-focus\"><\/span><\/h1><\/div><div class=\"heading-line bottom\"><\/div><\/div>\n<\/div><\/div>\n<\/div><\/section><\/div>\n\n\n\n<div class=\"section-wrapper\" data-id=\"1zI5NZ\"><section class=\"wp-block-gutenverse-section guten-element guten-section guten-1zI5NZ layout-boxed align-stretch overflow-hidden\"><div class=\"guten-background-overlay\"><\/div><div class=\"guten-container guten-column-gap-no\">\n<div class=\"wp-block-gutenverse-column guten-element guten-column guten-Iq548Z\"><div class=\"guten-column-wrapper\" data-id=\"Iq548Z\">\n<h3 class=\"wp-block-gutenverse-heading guten-element guten-1zdQpB\">deviens<\/h3>\n\n\n\n<h3 class=\"wp-block-gutenverse-heading guten-element guten-RvPZAH\">b\u00e9n\u00e9vole<\/h3>\n\n\n\n<h3 class=\"wp-block-gutenverse-heading guten-element guten-hWe6xB\">TDV 2025<\/h3>\n\n\n\n<div class=\"wp-block-gutenverse-image guten-element guten-image guten-gVt6aO\"><div class=\"guten-image-wrapper\"><img decoding=\"async\" class=\"gutenverse-image-box-filled\" src=\"http:\/\/latourneedesvillages.be\/wp-content\/uploads\/2025\/03\/header-ATDV.png\" height=\"1274\" width=\"1920\" alt=\"\" loading=\"lazy\"\/><\/div><\/div>\n\n\n\n<div class=\"guten-element gutenverse-text-editor guten-MlRZvn hide-mobile\"><div class=\"text-content-inner\">\n<p>Rejoins la grande famille de l&#8217;ASBL ATH&#8217;LETIC4 YOU  qui organise la Tourn\u00e9e des Villages !<\/p>\n<\/div><\/div>\n\n\n\n<div class=\"wp-block-gutenverse-image guten-element guten-image guten-ZSIQEe\"><div class=\"guten-image-wrapper\"><img decoding=\"async\" class=\"gutenverse-image-box-filled\" src=\"http:\/\/latourneedesvillages.be\/wp-content\/uploads\/2025\/03\/running-downwards.webp\" height=\"285\" width=\"464\" alt=\"\" loading=\"lazy\"\/><\/div><\/div>\n<\/div><\/div>\n\n\n\n<div class=\"wp-block-gutenverse-column guten-element guten-column guten-iGKiU4\"><div class=\"guten-column-wrapper\" data-id=\"iGKiU4\">\n<div class=\"guten-element guten-advanced-heading guten-ixGIpU animated guten-element-hide desktop-fadeInRight\"><span class=\"heading-subtitle\">Nous sommes \u00e0 la recherche de <\/span><div class=\"heading-section outside-line\"><h2 class=\"heading-title\"><span class=\"heading-title\">Membres motiv\u00e9s !<\/span><span class=\"heading-focus\"><\/span><\/h2><\/div><div class=\"heading-line bottom\"><\/div><\/div>\n\n\n\n<p class=\"has-medium-font-size\"><strong>Vous aimez les rencontres, le sport et l&#8217;entraide ?<\/strong><\/p>\n\n\n\n<p class=\"has-medium-font-size\"><strong>Rejoignez notre \u00e9quipe de b\u00e9n\u00e9voles pour l&#8217;\u00e9v\u00e9nement &#8220;La Tourn\u00e9e des Villages&#8221; qui se d\u00e9roulera \u00e0 Ath le 26 juillet 2025 !<\/strong><\/p>\n<\/div><\/div>\n<\/div><\/section><\/div>\n\n\n\n<div class=\"section-wrapper\" data-id=\"zcPR2v\"><section class=\"wp-block-gutenverse-section guten-element guten-section guten-zcPR2v layout-boxed align-stretch\"><div class=\"guten-container guten-column-gap-no\">\n<div class=\"wp-block-gutenverse-column guten-element guten-column guten-AtN1xK\"><div class=\"guten-column-wrapper\" data-id=\"AtN1xK\">\n<h2 class=\"wp-block-gutenverse-heading guten-element guten-ok4nZe animated guten-element-hide desktop-fadeInLeft\">Pourquoi devenir b\u00e9n\u00e9vole ?<\/h2>\n\n\n\n<div class=\"guten-element gutenverse-text-editor guten-e1QlzQ animated guten-element-hide desktop-fadeInLeft\"><div class=\"text-content-inner\">\n<p>En rejoignant notre \u00e9quipe, vous contribuerez \u00e0 la r\u00e9ussite d&#8217;un \u00e9v\u00e9nement convivial et sportif, tout en partageant un moment unique avec d&#8217;autres passionn\u00e9s.<\/p>\n<\/div><\/div>\n<\/div><\/div>\n\n\n\n<div class=\"wp-block-gutenverse-column guten-element guten-column guten-eFdZci\"><div class=\"guten-column-wrapper\" data-id=\"eFdZci\">\n<div class=\"guten-element gutenverse-text-editor guten-M6ySyk animated guten-element-hide desktop-fadeInRight\"><div class=\"text-content-inner\">\n<p><em>Nous recherchons des b\u00e9n\u00e9voles pour diff\u00e9rents postes :<\/em><\/p>\n\n\n\n<p><br><strong>Monteurs sur le site village \/ d\u00e9part<\/strong> : mise en place et d\u00e9montage des infrastructures<\/p>\n\n\n\n<p><br><strong>Signaleurs<\/strong> : Assurer la s\u00e9curit\u00e9 des participants sur le parcours<\/p>\n\n\n\n<p><br><strong>Relais communication et publicit\u00e9<\/strong> : Promouvoir l&#8217;\u00e9v\u00e9nement lors de divers animations\/festivit\u00e9s locales. <\/p>\n\n\n\n<p><br><strong>Affichage<\/strong> : Diffusion et pose de panneaux et d&#8217;affiches dans la r\u00e9gion.<\/p>\n\n\n\n<p><\/p>\n\n\n\n<p><strong> Fl\u00e8chage des parcours <\/strong> : Assurer la bonne visibilit\u00e9 du trac\u00e9 du parcours (ce job s&#8217;effectue les jours pr\u00e9c\u00e9dent l&#8217;\u00e9v\u00e9nement).<\/p>\n\n\n\n<p><br>Et bien d&#8217;autres postes \u00e0 pourvoir en fonction de vos talents !<\/p>\n<\/div><\/div>\n<\/div><\/div>\n<\/div><\/section><\/div>\n\n\n\n<div class=\"section-wrapper\" data-id=\"a5JMJ2\"><section class=\"wp-block-gutenverse-section guten-element guten-section guten-a5JMJ2 layout-boxed align-stretch overflow-hidden\"><div class=\"guten-background-overlay\"><\/div><div class=\"guten-container guten-column-gap-no\">\n<div class=\"wp-block-gutenverse-column guten-element guten-column guten-DjCYMR\"><div class=\"guten-column-wrapper\" data-id=\"DjCYMR\">\n<p><strong>Chaque b\u00e9n\u00e9vole re\u00e7oit : <\/strong><\/p>\n\n\n\n<ul class=\"wp-block-list\">\n<li class=\"has-white-color has-text-color has-link-color wp-elements-c6248ecaf882e18897e7b2478a8442b1\">Un magnifique t-shirt A4Y <\/li>\n\n\n\n<li class=\"has-white-color has-text-color has-link-color wp-elements-5832b451272571fa8875bea5eacbbc54\">Un pack de catering pour la journ\u00e9e (boissons + repas)<\/li>\n\n\n\n<li class=\"has-white-color has-text-color has-link-color wp-elements-4c7ce2321bd4737ec56c78acdefb145f\">Autres accessoires en fonction du poste<\/li>\n\n\n\n<li class=\"has-white-color has-text-color has-link-color wp-elements-2c585cd8dd9f2fdaf1b60b7376c8040f\">Goodies de l&#8217;\u00e9v\u00e9nement<\/li>\n\n\n\n<li class=\"has-white-color has-text-color has-link-color wp-elements-29d210d0cc2604a66a0d501d77a005f2\">+ de magnifiques souvenirs !<\/li>\n<\/ul>\n<\/div><\/div>\n\n\n\n<div class=\"wp-block-gutenverse-column guten-element guten-column guten-JwpyAo\"><div class=\"guten-column-wrapper\" data-id=\"JwpyAo\">\n<figure class=\"wp-block-image size-large\"><img loading=\"lazy\" decoding=\"async\" width=\"772\" height=\"1024\" src=\"http:\/\/latourneedesvillages.be\/wp-content\/uploads\/2025\/03\/Capture-decran-2025-03-29-a-17.07.44-772x1024.png\" alt=\"\" class=\"wp-image-182\" srcset=\"https:\/\/latourneedesvillages.be\/wp-content\/uploads\/2025\/03\/Capture-decran-2025-03-29-a-17.07.44-772x1024.png 772w, https:\/\/latourneedesvillages.be\/wp-content\/uploads\/2025\/03\/Capture-decran-2025-03-29-a-17.07.44-226x300.png 226w, https:\/\/latourneedesvillages.be\/wp-content\/uploads\/2025\/03\/Capture-decran-2025-03-29-a-17.07.44-768x1019.png 768w, https:\/\/latourneedesvillages.be\/wp-content\/uploads\/2025\/03\/Capture-decran-2025-03-29-a-17.07.44-1158x1536.png 1158w, https:\/\/latourneedesvillages.be\/wp-content\/uploads\/2025\/03\/Capture-decran-2025-03-29-a-17.07.44.png 1230w\" sizes=\"auto, (max-width: 772px) 100vw, 772px\" \/><\/figure>\n<\/div><\/div>\n<\/div><\/section><\/div>\n\n\n<div class=\"wpforms-container wpforms-container-full wpforms-block wpforms-block-957eb119-dc0f-47ec-a741-3c90a1da3cf0 wpforms-render-modern\" id=\"wpforms-375\"><form id=\"wpforms-form-375\" class=\"wpforms-validate wpforms-form wpforms-ajax-form\" data-formid=\"375\" method=\"post\" enctype=\"multipart\/form-data\" action=\"\/index.php\/wp-json\/wp\/v2\/pages\/67\" data-token=\"a8e6e58c48365d194c2c508feec43c9d\" data-token-time=\"1778757557\"><noscript class=\"wpforms-error-noscript\">Please enable JavaScript in your browser to complete this form.<\/noscript><div class=\"wpforms-hidden\" id=\"wpforms-error-noscript\">Please enable JavaScript in your browser to complete this form.<\/div><div class=\"wpforms-field-container\"><div id=\"wpforms-375-field_1-container\" class=\"wpforms-field wpforms-field-name\" data-field-id=\"1\"><fieldset><legend class=\"wpforms-field-label\">Nom <span class=\"wpforms-required-label\" aria-hidden=\"true\">*<\/span><\/legend><div class=\"wpforms-field-row wpforms-field-medium\"><div class=\"wpforms-field-row-block wpforms-first wpforms-one-half\"><input type=\"text\" id=\"wpforms-375-field_1\" class=\"wpforms-field-name-first wpforms-field-required\" name=\"wpforms[fields][1][first]\" aria-errormessage=\"wpforms-375-field_1-error\" required><label for=\"wpforms-375-field_1\" class=\"wpforms-field-sublabel after\">First<\/label><\/div><div class=\"wpforms-field-row-block wpforms-one-half\"><input type=\"text\" id=\"wpforms-375-field_1-last\" class=\"wpforms-field-name-last wpforms-field-required\" name=\"wpforms[fields][1][last]\" aria-errormessage=\"wpforms-375-field_1-last-error\" required><label for=\"wpforms-375-field_1-last\" class=\"wpforms-field-sublabel after\">Last<\/label><\/div><\/div><\/fieldset><\/div><div id=\"wpforms-375-field_2-container\" class=\"wpforms-field wpforms-field-email\" data-field-id=\"2\"><label class=\"wpforms-field-label\" for=\"wpforms-375-field_2\">E-mail <span class=\"wpforms-required-label\" aria-hidden=\"true\">*<\/span><\/label><input type=\"email\" id=\"wpforms-375-field_2\" class=\"wpforms-field-medium wpforms-field-required\" name=\"wpforms[fields][2]\" spellcheck=\"false\" aria-errormessage=\"wpforms-375-field_2-error\" required><\/div><div id=\"wpforms-375-field_3-container\" class=\"wpforms-field wpforms-field-textarea\" data-field-id=\"3\"><label class=\"wpforms-field-label\" for=\"wpforms-375-field_3\">Dis nous quand tu serais disponible pour aider \u00e0 l&#039;organisation :<\/label><textarea id=\"wpforms-375-field_3\" class=\"wpforms-field-medium\" name=\"wpforms[fields][3]\" aria-errormessage=\"wpforms-375-field_3-error\" ><\/textarea><\/div><\/div><!-- .wpforms-field-container --><div class=\"wpforms-submit-container\" ><input type=\"hidden\" name=\"wpforms[id]\" value=\"375\"><input type=\"hidden\" name=\"page_title\" value=\"\"><input type=\"hidden\" name=\"page_url\" value=\"https:\/\/latourneedesvillages.be\/index.php\/wp-json\/wp\/v2\/pages\/67\"><input type=\"hidden\" name=\"url_referer\" value=\"\"><button type=\"submit\" name=\"wpforms[submit]\" id=\"wpforms-submit-375\" class=\"wpforms-submit\" data-alt-text=\"Envoi...\" data-submit-text=\"Envoyer\" aria-live=\"assertive\" value=\"wpforms-submit\">Envoyer<\/button><img loading=\"lazy\" decoding=\"async\" src=\"https:\/\/latourneedesvillages.be\/wp-content\/plugins\/wpforms-lite\/assets\/images\/submit-spin.svg\" class=\"wpforms-submit-spinner\" style=\"display: none;\" width=\"26\" height=\"26\" alt=\"Loading\"><\/div><\/form><\/div>  <!-- .wpforms-container -->\n\n\n<div class=\"section-wrapper\" data-id=\"8McI6H\"><section class=\"wp-block-gutenverse-section guten-element guten-section guten-8McI6H layout-boxed align-stretch\"><div class=\"guten-background-overlay\"><\/div><div class=\"guten-container guten-column-gap-no\">\n<div class=\"wp-block-gutenverse-column guten-element guten-column guten-ldnQ9P\"><div class=\"guten-column-wrapper\" data-id=\"ldnQ9P\">\n<div class=\"wp-block-gutenverse-image guten-element guten-image guten-8ns8nH\"><div class=\"guten-image-wrapper\"><img decoding=\"async\" class=\"gutenverse-image-box-filled\" src=\"http:\/\/latourneedesvillages.be\/wp-content\/uploads\/2025\/03\/Fichier-1.webp\" height=\"705\" width=\"2221\" alt=\"\" loading=\"lazy\"\/><\/div><\/div>\n\n\n\n<div class=\"guten-element guten-icon-list guten-Cw8TmA inline-icon-list\">\n<div class=\"guten-element guten-icon-list-item guten-KlosQW\"><a id=\"guten-KlosQW\"><i class=\"fas fa-envelope\"><\/i><span class=\"list-text \">contact@latourneedesvillages.be<\/span><\/a><\/div>\n\n\n\n<div class=\"guten-element guten-icon-list-item guten-jgzrgb\"><a id=\"guten-jgzrgb\"><i class=\"fas fa-map-marker-alt\"><\/i><span class=\"list-text \">Une organisation de Ath&#8217;Letic4You ASBL<\/span><\/a><\/div>\n<\/div>\n\n\n\n<div class=\"guten-element guten-social-icons guten-ZJRzsA circle horizontal fill\">\n<div class=\"guten-element guten-social-icon guten-gDUe1r facebook\"><a id=\"guten-gDUe1r\" href=\"#\"><i class=\"gtn gtn-facebook-light\"><\/i><\/a><\/div>\n\n\n\n<div class=\"guten-element guten-social-icon guten-miSpgq twitter\"><a id=\"guten-miSpgq\" href=\"#\"><i class=\"fab fa-x-twitter\"><\/i><\/a><\/div>\n\n\n\n<div class=\"guten-element guten-social-icon guten-CTJObl youtube\"><a id=\"guten-CTJObl\" href=\"#\"><i class=\"gtn gtn-youtube-v-light\"><\/i><\/a><\/div>\n\n\n\n<div class=\"guten-element guten-social-icon guten-7uJWyL instagram\"><a id=\"guten-7uJWyL\" href=\"#\"><i class=\"fab fa-instagram\"><\/i><\/a><\/div>\n<\/div>\n<\/div><\/div>\n<\/div><\/section><\/div>\n\n\n\n<div class=\"section-wrapper\" data-id=\"wBrYNT\"><section class=\"wp-block-gutenverse-section guten-element guten-section guten-wBrYNT layout-boxed align-stretch\"><div class=\"guten-container guten-column-gap-no\">\n<div class=\"wp-block-gutenverse-column guten-element guten-column guten-mn5kFe\"><div class=\"guten-column-wrapper\" data-id=\"mn5kFe\">\n<div class=\"guten-element gutenverse-text-editor guten-w0u0cs\"><div class=\"text-content-inner\">\n<p><a href=\"https:\/\/www.createez.be\" data-type=\"link\" data-id=\"https:\/\/www.createez.be\">Ce site web a \u00e9t\u00e9 cr\u00e9\u00e9 par Createez.be<\/a><\/p>\n<\/div><\/div>\n<\/div><\/div>\n\n\n\n<div class=\"wp-block-gutenverse-column guten-element guten-column guten-gsDtcL\"><div class=\"guten-column-wrapper\" data-id=\"gsDtcL\">\n<div class=\"guten-element gutenverse-text-editor guten-4Pgwvi\"><div class=\"text-content-inner\">\n<p>Copyright \u00a9 2025. Tout droits r\u00e9serv\u00e9s.<\/p>\n<\/div><\/div>\n<\/div><\/div>\n<\/div><\/section><\/div>\n","protected":false},"excerpt":{"rendered":"","protected":false},"author":1,"featured_media":0,"parent":0,"menu_order":0,"comment_status":"closed","ping_status":"closed","template":"blank-canvas","meta":{"footnotes":""},"class_list":["post-67","page","type-page","status-publish","hentry"],"_links":{"self":[{"href":"https:\/\/latourneedesvillages.be\/index.php\/wp-json\/wp\/v2\/pages\/67","targetHints":{"allow":["GET"]}}],"collection":[{"href":"https:\/\/latourneedesvillages.be\/index.php\/wp-json\/wp\/v2\/pages"}],"about":[{"href":"https:\/\/latourneedesvillages.be\/index.php\/wp-json\/wp\/v2\/types\/page"}],"author":[{"embeddable":true,"href":"https:\/\/latourneedesvillages.be\/index.php\/wp-json\/wp\/v2\/users\/1"}],"replies":[{"embeddable":true,"href":"https:\/\/latourneedesvillages.be\/index.php\/wp-json\/wp\/v2\/comments?post=67"}],"version-history":[{"count":18,"href":"https:\/\/latourneedesvillages.be\/index.php\/wp-json\/wp\/v2\/pages\/67\/revisions"}],"predecessor-version":[{"id":379,"href":"https:\/\/latourneedesvillages.be\/index.php\/wp-json\/wp\/v2\/pages\/67\/revisions\/379"}],"wp:attachment":[{"href":"https:\/\/latourneedesvillages.be\/index.php\/wp-json\/wp\/v2\/media?parent=67"}],"curies":[{"name":"wp","href":"https:\/\/api.w.org\/{rel}","templated":true}]}}